{"id":1155,"date":"2021-01-31T09:48:00","date_gmt":"2021-01-31T09:48:00","guid":{"rendered":"https:\/\/garciafabien.com\/?page_id=1155"},"modified":"2025-12-14T13:23:00","modified_gmt":"2025-12-14T13:23:00","slug":"about","status":"publish","type":"page","link":"https:\/\/garciafabien.com\/fr\/about","title":{"rendered":"Bio"},"content":{"rendered":"<div data-elementor-type=\"wp-page\" data-elementor-id=\"1155\" class=\"elementor elementor-1155\">\n\t\t\t\t\t\t\t\t\t<section class=\"elementor-section elementor-top-section elementor-element elementor-element-794215b elementor-section-boxed elementor-section-height-default elementor-section-height-default\" data-id=\"794215b\" data-element_type=\"section\">\n\t\t\t\t\t\t<div class=\"elementor-container elementor-column-gap-default\">\n\t\t\t\t\t<div class=\"elementor-column elementor-col-100 elementor-top-column elementor-element elementor-element-54e250e\" data-id=\"54e250e\" data-element_type=\"column\">\n\t\t\t<div class=\"elementor-widget-wrap elementor-element-populated\">\n\t\t\t\t\t\t\t\t<section class=\"elementor-section elementor-inner-section elementor-element elementor-element-660cdd5 elementor-section-content-top elementor-section-boxed elementor-section-height-default elementor-section-height-default\" data-id=\"660cdd5\" data-element_type=\"section\">\n\t\t\t\t\t\t<div class=\"elementor-container elementor-column-gap-wider\">\n\t\t\t\t\t<div class=\"elementor-column elementor-col-50 elementor-inner-column elementor-element elementor-element-8c76a27\" data-id=\"8c76a27\" data-element_type=\"column\">\n\t\t\t<div class=\"elementor-widget-wrap elementor-element-populated\">\n\t\t\t\t\t\t\t\t<div class=\"elementor-element elementor-element-cf76674 elementor-widget elementor-widget-text-editor\" data-id=\"cf76674\" data-element_type=\"widget\" data-widget_type=\"text-editor.default\">\n\t\t\t\t<div class=\"elementor-widget-container\">\n\t\t\t\t\t\t\t<p style=\"font-style: normal; font-variant-caps: normal; font-stretch: normal; font-size: 10.3px; line-height: normal; font-family: Helvetica; font-size-adjust: none; font-kerning: auto; font-variant-alternates: normal; font-variant-ligatures: normal; font-variant-numeric: normal; font-variant-east-asian: normal; font-variant-position: normal; font-feature-settings: normal; font-optical-sizing: auto; font-variation-settings: normal; color: #393939;\">BIO<\/p><p style=\"font-style: normal; font-variant-caps: normal; font-stretch: normal; font-size: 10.3px; line-height: normal; font-family: Helvetica; font-size-adjust: none; font-kerning: auto; font-variant-alternates: normal; font-variant-ligatures: normal; font-variant-numeric: normal; font-variant-east-asian: normal; font-variant-position: normal; font-feature-settings: normal; font-optical-sizing: auto; font-variation-settings: normal; color: #393939;\">Fabien Garcia, n\u00e9 en 1986 \u00e0 Montpellier, est un artiste contemporain fran\u00e7ais qui r\u00e9side et travaille actuellement \u00e0 Saint-G\u00e9ly-du-Fesc dans l'H\u00e9rault. Apr\u00e8s avoir pass\u00e9 presque deux d\u00e9cennies en Australie il a r\u00e9cemment d\u00e9cid\u00e9 de revenir s'installer dans son pays natal. Fabien est designer graphique de formation ayant compl\u00e9t\u00e9 une licence en Arts Appliqu\u00e9s \u00e0 l'universit\u00e9 de N\u00eemes. Apr\u00e8s l'universit\u00e9, il fut l'\u00e9l\u00e8ve du sculpteur fran\u00e7ais Eric Chatalin puis de l'artiste peintre fran\u00e7aise Nushka.<\/p><p style=\"font-style: normal; font-variant-caps: normal; font-stretch: normal; font-size: 10.3px; line-height: normal; font-family: Helvetica; font-size-adjust: none; font-kerning: auto; font-variant-alternates: normal; font-variant-ligatures: normal; font-variant-numeric: normal; font-variant-east-asian: normal; font-variant-position: normal; font-feature-settings: normal; font-optical-sizing: auto; font-variation-settings: normal; color: #393939;\">Son \u0153uvre met l'accent sur la spontan\u00e9it\u00e9, le mouvement, la texture et l'\u00e9conomie du geste, recherchant l'\u00e9quilibre n\u00e9cessaire pour qu'une peinture existe par elle-m\u00eame. Dans son travail, les concepts r\u00e9currents sont l'environnementalisme, la m\u00e9lancolie, le surr\u00e9alisme et l'existentialisme.<\/p><p style=\"font-style: normal; font-variant-caps: normal; font-stretch: normal; font-size: 10.3px; line-height: normal; font-family: Helvetica; font-size-adjust: none; font-kerning: auto; font-variant-alternates: normal; font-variant-ligatures: normal; font-variant-numeric: normal; font-variant-east-asian: normal; font-variant-position: normal; font-feature-settings: normal; font-optical-sizing: auto; font-variation-settings: normal; color: #393939;\">\"Je n\u2019ai jamais cherch\u00e9 \u00e0 g\u00e9n\u00e9rer une r\u00e9ponse particuli\u00e8re de la part du spectateur, c\u2019est d\u00e9finitivement hors de mon contr\u00f4le. Cependant, si lors d'un instant, le temps d\u2019une personne est ralenti en regardant\nmon travail, alors ce serait pour moi le r\u00eave ultime. J'aime penser que les gens peuvent s'\u00e9vader \u00e0 travers mes peintures. La vie contemporaine offre tr\u00e8s peu de r\u00e9pit. La peinture peut \u00eatre un rem\u00e8de : en ralentissant le temps et en cr\u00e9ant des liens entre les gens, en partageant des\u00a0exp\u00e9riences.\"<\/p>\t\t\t\t\t\t<\/div>\n\t\t\t\t<\/div>\n\t\t\t\t\t<\/div>\n\t\t<\/div>\n\t\t\t\t<div class=\"elementor-column elementor-col-50 elementor-inner-column elementor-element elementor-element-d04f63e\" data-id=\"d04f63e\" data-element_type=\"column\">\n\t\t\t<div class=\"elementor-widget-wrap elementor-element-populated\">\n\t\t\t\t\t\t\t\t<div class=\"elementor-element elementor-element-f535e6c elementor-widget__width-initial elementor-widget elementor-widget-text-editor\" data-id=\"f535e6c\" data-element_type=\"widget\" data-widget_type=\"text-editor.default\">\n\t\t\t\t<div class=\"elementor-widget-container\">\n\t\t\t\t\t\t\t<p>CV<\/p>\n<p>N\u00e9 en 1986 \u00e0 Montpellier, France<br>R\u00e9side et travaille \u00e0&nbsp;<span style=\"caret-color: rgb(57, 57, 57); color: rgb(57, 57, 57); font-family: Helvetica; font-size: 10.3px; font-style: normal; font-variant-caps: normal; letter-spacing: 0px;\">Saint-Gely-du-Fesc, France<\/span><\/p>\n<p>FORMATIONS<br>2019 \u00c9l\u00e8ve de l'artiste peintre Nushka, Marseille, FRANCE<br>2018 \u00c9l\u00e8ve du sculpteur Eric Chatalin, \u00c9cole d'Art Alternative Auralithe, Montpellier, FRANCE<br>2007 Licence en Arts Appliqu\u00e9s, Universit\u00e9 de N\u00eemes, N\u00eemes, FRANCE<\/p>\n<p>EXPOSITIONS<br>2024 \u2018Other Spaces\u2019, exposition personnelle, Gallery 3, Byron Bay, NSW, AUSTRALIE<br>2022 Exposition des finalistes du Doyles Art Award, Mudgeeraba Memorial Hall, Mudgeeraba, QLD, AUSTRALIE<br>2021 Exposition des finalistes du Glover Prize, Falls Park Pavilion, Evandale, TAS, AUSTRALIE<br>2021 \u2018Adaptability\u2019 & \u2018State of Curious Mind in Peculiar Places\u2019, exposition personnelle, West Gippsland Arts centre, Warragul, VIC, AUSTRALIE<br>2021 Exposition collective du Small Works Art Prize, Brunswick Street gallery, Melbourne, VIC, AUSTRALIE<br>2020 \u2018Affabulations romanesques\u2019, exposition personnelle, Domaine Puech, Saint-Cl\u00e9ment-de-Rivi\u00e8re, FRANCE<br>2019 Troisi\u00e8me salon d'art contemporain Art et Nature, exposition collective, Domaine de Restincli\u00e8res, Prades-le-Lez, FRANCE<br>2018 Deuxi\u00e8me salon d'art contemporain Art et Nature, exposition collective, Domaine de Restincli\u00e8res, Prades-le-Lez, FRANCE<br>2017 \u2018Brassens\u2019 Exposition collective, Salle d'exposition de la Fr\u00e9g\u00e8re, Saint-G\u00e9ly-du-Fesc, FRANCE<\/p>\n<p>COLLECTIONS<br>Collections priv\u00e9es Australie \/ France \/ R\u00e9publique Tch\u00e8que&nbsp;<\/p>\n<p>PRIX<br>2022, Finaliste, Doyles Art Award, Mudgeeraba Memorial Hall, Mudgeeraba, QLD, AUSTRALIE<br>2021, Finaliste, Glover Prize, Falls Park Pavilion, Evandale, TAS, AUSTRALIE<br>2021, Finaliste, Small Works Art Prize, Brunswick Street Gallery, Melbourne, VIC, AUSTRALIE<br>2019, Laur\u00e9at, Prix du Public et Premier Prix du Jury, Troisi\u00e8me Salon d'Art Contemporain Art et Nature, Domaine de Restincli\u00e8res, Prades-le-Lez, FRANCE <br>2018, Laur\u00e9at, Deuxi\u00e8me Prix du Public, Deuxi\u00e8me Salon d'Art Contemporain Art et Nature, Domaine de Restincli\u00e8res, Prades-le-Lez, FRANCE<\/p>\t\t\t\t\t\t<\/div>\n\t\t\t\t<\/div>\n\t\t\t\t\t<\/div>\n\t\t<\/div>\n\t\t\t\t\t\t\t<\/div>\n\t\t<\/section>\n\t\t\t\t\t<\/div>\n\t\t<\/div>\n\t\t\t\t\t\t\t<\/div>\n\t\t<\/section>\n\t\t\t\t\t\t\t<\/div>","protected":false},"excerpt":{"rendered":"<p>BIO Fabien Garcia, born in 1986 in Montpellier, France, is a contemporary artist who has spent about two decades in Australia before returning to his natal country. He is now residing and working in Saint-Gely-du-Fesc, France. Garcia is trained as a graphic designer, having graduated with his Bachelor of Applied Arts at N\u00eemes University, France. [&hellip;]<\/p>","protected":false},"author":1,"featured_media":0,"parent":0,"menu_order":0,"comment_status":"closed","ping_status":"closed","template":"","meta":{"pgc_sgb_lightbox_settings":""},"yoast_head":"<!-- This site is optimized with the Yoast SEO plugin v15.8 - https:\/\/yoast.com\/wordpress\/plugins\/seo\/ -->\n<title>Fabien Garcia - About<\/title>\n<meta name=\"description\" content=\"Artist resume of Fabien Garcia\" \/>\n<meta name=\"robots\" content=\"index, follow, max-snippet:-1, max-image-preview:large, max-video-preview:-1\" \/>\n<link rel=\"canonical\" href=\"https:\/\/garciafabien.com\/fr\/about\" \/>\n<meta property=\"og:locale\" content=\"fr_FR\" \/>\n<meta property=\"og:type\" content=\"article\" \/>\n<meta property=\"og:title\" content=\"Fabien Garcia - About\" \/>\n<meta property=\"og:description\" content=\"Artist resume of Fabien Garcia\" \/>\n<meta property=\"og:url\" content=\"https:\/\/garciafabien.com\/fr\/about\" \/>\n<meta property=\"og:site_name\" content=\"Fabien Garcia\" \/>\n<meta property=\"article:modified_time\" content=\"2025-12-14T13:23:00+00:00\" \/>\n<meta name=\"twitter:card\" content=\"summary_large_image\" \/>\n<meta name=\"twitter:label1\" content=\"Dur\u00e9e de lecture est.\">\n\t<meta name=\"twitter:data1\" content=\"2 minutes\">\n<script type=\"application\/ld+json\" class=\"yoast-schema-graph\">{\"@context\":\"https:\/\/schema.org\",\"@graph\":[{\"@type\":\"WebSite\",\"@id\":\"https:\/\/garciafabien.com\/fr\/#website\",\"url\":\"https:\/\/garciafabien.com\/fr\/\",\"name\":\"Fabien Garcia\",\"description\":\"Fine Art Painter\",\"potentialAction\":[{\"@type\":\"SearchAction\",\"target\":\"https:\/\/garciafabien.com\/fr\/?s={search_term_string}\",\"query-input\":\"required name=search_term_string\"}],\"inLanguage\":\"fr-FR\"},{\"@type\":\"WebPage\",\"@id\":\"https:\/\/garciafabien.com\/fr\/about#webpage\",\"url\":\"https:\/\/garciafabien.com\/fr\/about\",\"name\":\"Fabien Garcia - About\",\"isPartOf\":{\"@id\":\"https:\/\/garciafabien.com\/fr\/#website\"},\"datePublished\":\"2021-01-31T09:48:00+00:00\",\"dateModified\":\"2025-12-14T13:23:00+00:00\",\"description\":\"Artist resume of Fabien Garcia\",\"breadcrumb\":{\"@id\":\"https:\/\/garciafabien.com\/fr\/about#breadcrumb\"},\"inLanguage\":\"fr-FR\",\"potentialAction\":[{\"@type\":\"ReadAction\",\"target\":[\"https:\/\/garciafabien.com\/fr\/about\"]}]},{\"@type\":\"BreadcrumbList\",\"@id\":\"https:\/\/garciafabien.com\/fr\/about#breadcrumb\",\"itemListElement\":[{\"@type\":\"ListItem\",\"position\":1,\"item\":{\"@type\":\"WebPage\",\"@id\":\"https:\/\/garciafabien.com\/fr\/\",\"url\":\"https:\/\/garciafabien.com\/fr\/\",\"name\":\"Home\"}},{\"@type\":\"ListItem\",\"position\":2,\"item\":{\"@type\":\"WebPage\",\"@id\":\"https:\/\/garciafabien.com\/fr\/about\",\"url\":\"https:\/\/garciafabien.com\/fr\/about\",\"name\":\"About\"}}]}]}<\/script>\n<!-- \/ Yoast SEO plugin. -->","_links":{"self":[{"href":"https:\/\/garciafabien.com\/fr\/wp-json\/wp\/v2\/pages\/1155"}],"collection":[{"href":"https:\/\/garciafabien.com\/fr\/wp-json\/wp\/v2\/pages"}],"about":[{"href":"https:\/\/garciafabien.com\/fr\/wp-json\/wp\/v2\/types\/page"}],"author":[{"embeddable":true,"href":"https:\/\/garciafabien.com\/fr\/wp-json\/wp\/v2\/users\/1"}],"replies":[{"embeddable":true,"href":"https:\/\/garciafabien.com\/fr\/wp-json\/wp\/v2\/comments?post=1155"}],"version-history":[{"count":121,"href":"https:\/\/garciafabien.com\/fr\/wp-json\/wp\/v2\/pages\/1155\/revisions"}],"predecessor-version":[{"id":2637,"href":"https:\/\/garciafabien.com\/fr\/wp-json\/wp\/v2\/pages\/1155\/revisions\/2637"}],"wp:attachment":[{"href":"https:\/\/garciafabien.com\/fr\/wp-json\/wp\/v2\/media?parent=1155"}],"curies":[{"name":"wp","href":"https:\/\/api.w.org\/{rel}","templated":true}]}}